{"id":985,"date":"2022-03-16T11:41:11","date_gmt":"2022-03-16T10:41:11","guid":{"rendered":"https:\/\/jornadasgiussani.org\/?page_id=985"},"modified":"2022-03-16T11:41:11","modified_gmt":"2022-03-16T10:41:11","slug":"jone-echarri","status":"publish","type":"page","link":"https:\/\/jornadasgiussani.org\/index.php\/jone-echarri\/","title":{"rendered":"Jone Echarri"},"content":{"rendered":"\n<p>Jone Echarrri es fisioterapeuta por la Universidad Complutense de Madrid, curs\u00f3 estudios con el Concepto Bobath de Londres d\u00f3nde obtuvo el t\u00edtulo de Fisioterapeuta neurol\u00f3gica y profesora internacional. Desde1997 trat\u00f3 de su enfermedad Parkinson a san Juan Pablo II y a Luigi Giussani.<\/p>\n","protected":false},"excerpt":{"rendered":"<p>Jone Echarrri es fisioterapeuta por la Universidad Complutense de Madrid, curs\u00f3 estudios con el Concepto Bobath de Londres d\u00f3nde obtuvo el t\u00edtulo de Fisioterapeuta neurol\u00f3gica y profesora internacional. Desde1997 trat\u00f3 de su enfermedad Parkinson a san Juan Pablo II y a Luigi Giussani.<\/p>\n","protected":false},"author":2,"featured_media":986,"parent":0,"menu_order":0,"comment_status":"closed","ping_status":"closed","template":"","meta":{"footnotes":""},"class_list":["post-985","page","type-page","status-publish","has-post-thumbnail","hentry"],"_links":{"self":[{"href":"https:\/\/jornadasgiussani.org\/index.php\/wp-json\/wp\/v2\/pages\/985","targetHints":{"allow":["GET"]}}],"collection":[{"href":"https:\/\/jornadasgiussani.org\/index.php\/wp-json\/wp\/v2\/pages"}],"about":[{"href":"https:\/\/jornadasgiussani.org\/index.php\/wp-json\/wp\/v2\/types\/page"}],"author":[{"embeddable":true,"href":"https:\/\/jornadasgiussani.org\/index.php\/wp-json\/wp\/v2\/users\/2"}],"replies":[{"embeddable":true,"href":"https:\/\/jornadasgiussani.org\/index.php\/wp-json\/wp\/v2\/comments?post=985"}],"version-history":[{"count":2,"href":"https:\/\/jornadasgiussani.org\/index.php\/wp-json\/wp\/v2\/pages\/985\/revisions"}],"predecessor-version":[{"id":988,"href":"https:\/\/jornadasgiussani.org\/index.php\/wp-json\/wp\/v2\/pages\/985\/revisions\/988"}],"wp:featuredmedia":[{"embeddable":true,"href":"https:\/\/jornadasgiussani.org\/index.php\/wp-json\/wp\/v2\/media\/986"}],"wp:attachment":[{"href":"https:\/\/jornadasgiussani.org\/index.php\/wp-json\/wp\/v2\/media?parent=985"}],"curies":[{"name":"wp","href":"https:\/\/api.w.org\/{rel}","templated":true}]}}