{"id":971,"date":"2022-03-08T17:55:12","date_gmt":"2022-03-08T16:55:12","guid":{"rendered":"https:\/\/jornadasgiussani.org\/?page_id=971"},"modified":"2022-03-08T17:55:12","modified_gmt":"2022-03-08T16:55:12","slug":"jose-luis-restan","status":"publish","type":"page","link":"https:\/\/jornadasgiussani.org\/index.php\/jose-luis-restan\/","title":{"rendered":"Jos\u00e9 Luis Rest\u00e1n"},"content":{"rendered":"\n<p>Jos\u00e9 Luis Rest\u00e1n naci\u00f3 en Madrid en 1958. Es ingeniero de Caminos, pero abandon\u00f3 pronto el ejercicio de esa profesi\u00f3n y en 1990, tras acabar la carrera de periodismo, comienza a trabajar en la Cadena COPE. Desde entonces ha trabajado all\u00ed y actualmente es jefe de contenidos y de la programaci\u00f3n\u00a0religiosa, director editorial y adjunto al presidente. Tambi\u00e9n colabora habitualmente en las revistas\u00a0<em>Alfa y Omega<\/em>\u00a0y\u00a0<em>Mundo Cristiano<\/em>, as\u00ed como en el diario on-line\u00a0<em>Libertad Digital<\/em>. Ha sido desde siempre un hombre inquieto por comunicar la actualidad de la Iglesia como podemos ver en iniciativas como la revista\u00a0<em>P\u00e1ginas para el mes<\/em>, que fund\u00f3 en 1996 junto con un grupo de j\u00f3venes periodistas, o tambi\u00e9n la puesta en marcha de la edici\u00f3n espa\u00f1ola de la revista\u00a0<em>30 Giorni<\/em>.<\/p>\n\n\n\n<p>Es autor de una colecci\u00f3n de libros sobre el pontificado de Benedicto XVI, adem\u00e1s de otros t\u00edtulos como\u00a0<em>La osad\u00eda de creer<\/em>\u00a0o\u00a0<em>Los a\u00f1os de la provocaci\u00f3n: la actualidad eclesial y social al inicio del siglo XXI<\/em>.<\/p>\n","protected":false},"excerpt":{"rendered":"<p>Jos\u00e9 Luis Rest\u00e1n naci\u00f3 en Madrid en 1958. Es ingeniero de Caminos, pero abandon\u00f3 pronto el ejercicio de esa profesi\u00f3n y en 1990, tras acabar la carrera de periodismo, comienza a trabajar en la Cadena COPE. Desde entonces ha trabajado all\u00ed y actualmente es jefe de contenidos y de la programaci\u00f3n\u00a0religiosa, director editorial y adjunto [&hellip;]<\/p>\n","protected":false},"author":2,"featured_media":954,"parent":0,"menu_order":0,"comment_status":"closed","ping_status":"closed","template":"","meta":{"footnotes":""},"class_list":["post-971","page","type-page","status-publish","has-post-thumbnail","hentry"],"_links":{"self":[{"href":"https:\/\/jornadasgiussani.org\/index.php\/wp-json\/wp\/v2\/pages\/971","targetHints":{"allow":["GET"]}}],"collection":[{"href":"https:\/\/jornadasgiussani.org\/index.php\/wp-json\/wp\/v2\/pages"}],"about":[{"href":"https:\/\/jornadasgiussani.org\/index.php\/wp-json\/wp\/v2\/types\/page"}],"author":[{"embeddable":true,"href":"https:\/\/jornadasgiussani.org\/index.php\/wp-json\/wp\/v2\/users\/2"}],"replies":[{"embeddable":true,"href":"https:\/\/jornadasgiussani.org\/index.php\/wp-json\/wp\/v2\/comments?post=971"}],"version-history":[{"count":1,"href":"https:\/\/jornadasgiussani.org\/index.php\/wp-json\/wp\/v2\/pages\/971\/revisions"}],"predecessor-version":[{"id":972,"href":"https:\/\/jornadasgiussani.org\/index.php\/wp-json\/wp\/v2\/pages\/971\/revisions\/972"}],"wp:featuredmedia":[{"embeddable":true,"href":"https:\/\/jornadasgiussani.org\/index.php\/wp-json\/wp\/v2\/media\/954"}],"wp:attachment":[{"href":"https:\/\/jornadasgiussani.org\/index.php\/wp-json\/wp\/v2\/media?parent=971"}],"curies":[{"name":"wp","href":"https:\/\/api.w.org\/{rel}","templated":true}]}}