{"id":967,"date":"2022-03-08T17:41:27","date_gmt":"2022-03-08T16:41:27","guid":{"rendered":"https:\/\/jornadasgiussani.org\/?page_id=967"},"modified":"2022-03-08T17:41:27","modified_gmt":"2022-03-08T16:41:27","slug":"alberto-frigerio","status":"publish","type":"page","link":"https:\/\/jornadasgiussani.org\/index.php\/alberto-frigerio\/","title":{"rendered":"Alberto Frigerio"},"content":{"rendered":"\n<p>Alberto Frigerio es sacerdote de la di\u00f3cesis de Mil\u00e1n. Profesor de \u00c9tica de la Vida en la ISSR de Mil\u00e1n y Profesor de Religi\u00f3n en el Centro de Formaci\u00f3n Profesional In-Presa en Carate Brianza. Licenciado en Medicina y Cirug\u00eda, tiene una Maestr\u00eda en Neurociencia Integrativa de la Universidad de Edimburgo, Escocia. Tiene una Licenciatura y un Doctorado en Sagrada Teolog\u00eda en el Pontificio Instituto Teol\u00f3gico Juan Pablo II, Roma y Washington.<\/p>\n","protected":false},"excerpt":{"rendered":"<p>Alberto Frigerio es sacerdote de la di\u00f3cesis de Mil\u00e1n. Profesor de \u00c9tica de la Vida en la ISSR de Mil\u00e1n y Profesor de Religi\u00f3n en el Centro de Formaci\u00f3n Profesional In-Presa en Carate Brianza. Licenciado en Medicina y Cirug\u00eda, tiene una Maestr\u00eda en Neurociencia Integrativa de la Universidad de Edimburgo, Escocia. Tiene una Licenciatura y [&hellip;]<\/p>\n","protected":false},"author":2,"featured_media":951,"parent":0,"menu_order":0,"comment_status":"closed","ping_status":"closed","template":"","meta":{"footnotes":""},"class_list":["post-967","page","type-page","status-publish","has-post-thumbnail","hentry"],"_links":{"self":[{"href":"https:\/\/jornadasgiussani.org\/index.php\/wp-json\/wp\/v2\/pages\/967","targetHints":{"allow":["GET"]}}],"collection":[{"href":"https:\/\/jornadasgiussani.org\/index.php\/wp-json\/wp\/v2\/pages"}],"about":[{"href":"https:\/\/jornadasgiussani.org\/index.php\/wp-json\/wp\/v2\/types\/page"}],"author":[{"embeddable":true,"href":"https:\/\/jornadasgiussani.org\/index.php\/wp-json\/wp\/v2\/users\/2"}],"replies":[{"embeddable":true,"href":"https:\/\/jornadasgiussani.org\/index.php\/wp-json\/wp\/v2\/comments?post=967"}],"version-history":[{"count":1,"href":"https:\/\/jornadasgiussani.org\/index.php\/wp-json\/wp\/v2\/pages\/967\/revisions"}],"predecessor-version":[{"id":968,"href":"https:\/\/jornadasgiussani.org\/index.php\/wp-json\/wp\/v2\/pages\/967\/revisions\/968"}],"wp:featuredmedia":[{"embeddable":true,"href":"https:\/\/jornadasgiussani.org\/index.php\/wp-json\/wp\/v2\/media\/951"}],"wp:attachment":[{"href":"https:\/\/jornadasgiussani.org\/index.php\/wp-json\/wp\/v2\/media?parent=967"}],"curies":[{"name":"wp","href":"https:\/\/api.w.org\/{rel}","templated":true}]}}