{"id":964,"date":"2022-03-08T17:40:34","date_gmt":"2022-03-08T16:40:34","guid":{"rendered":"https:\/\/jornadasgiussani.org\/?page_id=964"},"modified":"2022-03-08T17:40:34","modified_gmt":"2022-03-08T16:40:34","slug":"juan-miguel-prim","status":"publish","type":"page","link":"https:\/\/jornadasgiussani.org\/index.php\/juan-miguel-prim\/","title":{"rendered":"Juan Miguel Prim"},"content":{"rendered":"\n<p>Juan Miguel Prim Goicoechea es sacerdote y vicario para la Evangelizaci\u00f3n y la Cultura de la Di\u00f3cesis de Alcal\u00e1 de Henares. Es licenciado en Filosof\u00eda. Fue ordenado sacerdote en 1991 y complet\u00f3 sus estudios en Roma en el Instituto Patr\u00edstico Augustinianum. Ha sido Rector del Seminario Diocesano de Alcal\u00e1 de Henares.<\/p>\n\n\n\n<p>Est\u00e1 interesado en el sentido de la belleza como camino hacia Dios (Via pulchitrudinis). Ha formado parte del grupo de m\u00fasica medieval y renacentista Psalterium y desde hace varios a\u00f1os dirige la Escuela de Arte Cristiano (EAC), vinculada al Instituto Diocesano de Teolog\u00eda de la Di\u00f3cesis de Alcal\u00e1.<\/p>\n","protected":false},"excerpt":{"rendered":"<p>Juan Miguel Prim Goicoechea es sacerdote y vicario para la Evangelizaci\u00f3n y la Cultura de la Di\u00f3cesis de Alcal\u00e1 de Henares. Es licenciado en Filosof\u00eda. Fue ordenado sacerdote en 1991 y complet\u00f3 sus estudios en Roma en el Instituto Patr\u00edstico Augustinianum. Ha sido Rector del Seminario Diocesano de Alcal\u00e1 de Henares. Est\u00e1 interesado en el [&hellip;]<\/p>\n","protected":false},"author":2,"featured_media":965,"parent":0,"menu_order":0,"comment_status":"closed","ping_status":"closed","template":"","meta":{"footnotes":""},"class_list":["post-964","page","type-page","status-publish","has-post-thumbnail","hentry"],"_links":{"self":[{"href":"https:\/\/jornadasgiussani.org\/index.php\/wp-json\/wp\/v2\/pages\/964","targetHints":{"allow":["GET"]}}],"collection":[{"href":"https:\/\/jornadasgiussani.org\/index.php\/wp-json\/wp\/v2\/pages"}],"about":[{"href":"https:\/\/jornadasgiussani.org\/index.php\/wp-json\/wp\/v2\/types\/page"}],"author":[{"embeddable":true,"href":"https:\/\/jornadasgiussani.org\/index.php\/wp-json\/wp\/v2\/users\/2"}],"replies":[{"embeddable":true,"href":"https:\/\/jornadasgiussani.org\/index.php\/wp-json\/wp\/v2\/comments?post=964"}],"version-history":[{"count":1,"href":"https:\/\/jornadasgiussani.org\/index.php\/wp-json\/wp\/v2\/pages\/964\/revisions"}],"predecessor-version":[{"id":966,"href":"https:\/\/jornadasgiussani.org\/index.php\/wp-json\/wp\/v2\/pages\/964\/revisions\/966"}],"wp:featuredmedia":[{"embeddable":true,"href":"https:\/\/jornadasgiussani.org\/index.php\/wp-json\/wp\/v2\/media\/965"}],"wp:attachment":[{"href":"https:\/\/jornadasgiussani.org\/index.php\/wp-json\/wp\/v2\/media?parent=964"}],"curies":[{"name":"wp","href":"https:\/\/api.w.org\/{rel}","templated":true}]}}