{"id":960,"date":"2022-03-08T17:38:00","date_gmt":"2022-03-08T16:38:00","guid":{"rendered":"https:\/\/jornadasgiussani.org\/?page_id=960"},"modified":"2022-03-09T11:05:57","modified_gmt":"2022-03-09T10:05:57","slug":"david-blazquez","status":"publish","type":"page","link":"https:\/\/jornadasgiussani.org\/index.php\/david-blazquez\/","title":{"rendered":"David Bl\u00e1zquez"},"content":{"rendered":"\n<p>David Bl\u00e1zquez es Asesor de Asuntos Exteriores en el Congreso de los Diputados y ejerce, adem\u00e1s, como profesor asociado de Pol\u00edtica y Relaciones Internacionales de la Universidad de Comillas. Posee una licenciatura en Filosof\u00eda y un m\u00e1ster en Filosof\u00eda Contempor\u00e1nea, ambos por la Universidad Complutense de Madrid, un m\u00e1ster en Estudios Pol\u00edticos por la \u00c9cole des Hautes \u00c9tudes en Sciences Sociales en Par\u00eds y un master en Derecho y Diplomacia por la Fletcher School of Law and Diplomacy, en Tufts University.<\/p>\n\n\n\n<p>Ha sido Asesor del Consejero de la Consejer\u00eda de Econom\u00eda, Empleo y Competitividad de la Comunidad de Madrid, Jefe de Estrategia de Asuntos P\u00fablicos de Telef\u00f3nica y Director de Programas y Desarrollo en Aspen Institute Espa\u00f1a, y ha trabajado como asesor para asuntos del Consejo de Seguridad en la Misi\u00f3n Espa\u00f1ola ante las Naciones Unidas (Nueva York). Escribe regularmente sobre pol\u00edtica internacional, tecnolog\u00eda y sociedad.<\/p>\n","protected":false},"excerpt":{"rendered":"<p>David Bl\u00e1zquez es Asesor de Asuntos Exteriores en el Congreso de los Diputados y ejerce, adem\u00e1s, como profesor asociado de Pol\u00edtica y Relaciones Internacionales de la Universidad de Comillas. Posee una licenciatura en Filosof\u00eda y un m\u00e1ster en Filosof\u00eda Contempor\u00e1nea, ambos por la Universidad Complutense de Madrid, un m\u00e1ster en Estudios Pol\u00edticos por la \u00c9cole [&hellip;]<\/p>\n","protected":false},"author":2,"featured_media":950,"parent":0,"menu_order":0,"comment_status":"closed","ping_status":"closed","template":"","meta":{"footnotes":""},"class_list":["post-960","page","type-page","status-publish","has-post-thumbnail","hentry"],"_links":{"self":[{"href":"https:\/\/jornadasgiussani.org\/index.php\/wp-json\/wp\/v2\/pages\/960","targetHints":{"allow":["GET"]}}],"collection":[{"href":"https:\/\/jornadasgiussani.org\/index.php\/wp-json\/wp\/v2\/pages"}],"about":[{"href":"https:\/\/jornadasgiussani.org\/index.php\/wp-json\/wp\/v2\/types\/page"}],"author":[{"embeddable":true,"href":"https:\/\/jornadasgiussani.org\/index.php\/wp-json\/wp\/v2\/users\/2"}],"replies":[{"embeddable":true,"href":"https:\/\/jornadasgiussani.org\/index.php\/wp-json\/wp\/v2\/comments?post=960"}],"version-history":[{"count":2,"href":"https:\/\/jornadasgiussani.org\/index.php\/wp-json\/wp\/v2\/pages\/960\/revisions"}],"predecessor-version":[{"id":983,"href":"https:\/\/jornadasgiussani.org\/index.php\/wp-json\/wp\/v2\/pages\/960\/revisions\/983"}],"wp:featuredmedia":[{"embeddable":true,"href":"https:\/\/jornadasgiussani.org\/index.php\/wp-json\/wp\/v2\/media\/950"}],"wp:attachment":[{"href":"https:\/\/jornadasgiussani.org\/index.php\/wp-json\/wp\/v2\/media?parent=960"}],"curies":[{"name":"wp","href":"https:\/\/api.w.org\/{rel}","templated":true}]}}