{"id":948,"date":"2022-03-08T17:09:52","date_gmt":"2022-03-08T16:09:52","guid":{"rendered":"https:\/\/jornadasgiussani.org\/?page_id=948"},"modified":"2022-03-08T17:33:50","modified_gmt":"2022-03-08T16:33:50","slug":"ricardo-calleja","status":"publish","type":"page","link":"https:\/\/jornadasgiussani.org\/index.php\/ricardo-calleja\/","title":{"rendered":"Ricardo Calleja"},"content":{"rendered":"\n<p>Ricardo Calleja es doctor en Filosof\u00eda del Derecho y Pol\u00edtica por la Universidad Complutense de Madrid, donde obtuvo tambi\u00e9n su licenciatura en Derecho. Ha investigado en la NYU School of Law y ha impartido clases en la Universidad de Notre Dame, la Universidad de Montevideo y la Universidad Cat\u00f3lica de Am\u00e9rica (Washington D.C.), entre otras. Actualmente es lecturer en el departamento de \u00c9tica empresarial de la IESE.<\/p>\n\n\n\n<p>Adem\u00e1s, escribe frecuentemente art\u00edculos de prensa, ha sido director de un Colegio mayor adscrito a la Complutense y promueve iniciativas de participaci\u00f3n ciudadana en la sociedad civil, como el Club Tocqueville.<\/p>\n","protected":false},"excerpt":{"rendered":"<p>Ricardo Calleja es doctor en Filosof\u00eda del Derecho y Pol\u00edtica por la Universidad Complutense de Madrid, donde obtuvo tambi\u00e9n su licenciatura en Derecho. Ha investigado en la NYU School of Law y ha impartido clases en la Universidad de Notre Dame, la Universidad de Montevideo y la Universidad Cat\u00f3lica de Am\u00e9rica (Washington D.C.), entre otras. [&hellip;]<\/p>\n","protected":false},"author":2,"featured_media":955,"parent":0,"menu_order":0,"comment_status":"closed","ping_status":"closed","template":"","meta":{"footnotes":""},"class_list":["post-948","page","type-page","status-publish","has-post-thumbnail","hentry"],"_links":{"self":[{"href":"https:\/\/jornadasgiussani.org\/index.php\/wp-json\/wp\/v2\/pages\/948","targetHints":{"allow":["GET"]}}],"collection":[{"href":"https:\/\/jornadasgiussani.org\/index.php\/wp-json\/wp\/v2\/pages"}],"about":[{"href":"https:\/\/jornadasgiussani.org\/index.php\/wp-json\/wp\/v2\/types\/page"}],"author":[{"embeddable":true,"href":"https:\/\/jornadasgiussani.org\/index.php\/wp-json\/wp\/v2\/users\/2"}],"replies":[{"embeddable":true,"href":"https:\/\/jornadasgiussani.org\/index.php\/wp-json\/wp\/v2\/comments?post=948"}],"version-history":[{"count":2,"href":"https:\/\/jornadasgiussani.org\/index.php\/wp-json\/wp\/v2\/pages\/948\/revisions"}],"predecessor-version":[{"id":957,"href":"https:\/\/jornadasgiussani.org\/index.php\/wp-json\/wp\/v2\/pages\/948\/revisions\/957"}],"wp:featuredmedia":[{"embeddable":true,"href":"https:\/\/jornadasgiussani.org\/index.php\/wp-json\/wp\/v2\/media\/955"}],"wp:attachment":[{"href":"https:\/\/jornadasgiussani.org\/index.php\/wp-json\/wp\/v2\/media?parent=948"}],"curies":[{"name":"wp","href":"https:\/\/api.w.org\/{rel}","templated":true}]}}