{"id":761,"date":"2021-10-19T09:39:20","date_gmt":"2021-10-19T07:39:20","guid":{"rendered":"https:\/\/jornadasgiussani.org\/?page_id=761"},"modified":"2021-12-14T20:28:15","modified_gmt":"2021-12-14T19:28:15","slug":"jornadas-2020","status":"publish","type":"page","link":"https:\/\/jornadasgiussani.org\/index.php\/jornadas-2020\/","title":{"rendered":"Jornadas 2020"},"content":{"rendered":"\n<h2 class=\"has-text-align-center wp-block-heading\">Luigi Giussani: el anuncio cristiano en la sociedad postsecular<\/h2>\n\n\n\n<h3 class=\"has-text-align-center wp-block-heading\">Jornadas Internacionales de Estudio<\/h3>\n\n\n\n<p class=\"has-text-align-center\"> <strong>(30 de enero &#8211; 1 de febrero 2020, Universidad CEU San Pablo)<\/strong> <\/p>\n\n\n\n<hr class=\"wp-block-separator\"\/>\n\n\n\n<p>Luigi Giussani (1922-2005) es conocido ante todo como fundador del movimiento eclesial Comuni\u00f3n y Liberaci\u00f3n. Pero m\u00e1s all\u00e1 de ese \u00e1mbito, su figura y su obra han ejercido una notable influencia sobre la Iglesia contempor\u00e1nea, llegando algunas de sus intuiciones y enfoques a ser recogidas por los \u00faltimos papas. Estas jornadas internacionales quieren profundizar en la importancia del pensamiento y la acci\u00f3n de Giussani para la Iglesia del \u00faltimo medio siglo, as\u00ed como identificar a partir de ello perspectivas prometedoras para el anuncio cristiano en el siglo XXI.<\/p>\n\n\n\n<blockquote class=\"wp-block-quote has-text-align-right is-layout-flow wp-block-quote-is-layout-flow\"><p>\u00abMons. Giussani es uno de esos dones imprevisibles que el Se\u00f1or ha regalado a nuestra Iglesia despu\u00e9s del Concilio, haciendo nacer, m\u00e1s all\u00e1 de todas las estructuras y programaciones pastorales, un florecimiento de personas y movimientos que est\u00e1n brindando milagros de vida nueva dentro de la Iglesia\u00bb <\/p><cite> Jorge Bergoglio <\/cite><\/blockquote>\n\n\n\n<hr class=\"wp-block-separator\"\/>\n\n\n\n<h3 class=\"wp-block-heading\"><a href=\"https:\/\/jornadasgiussani.org\/index.php\/jueves-30-de-enero-de-2020\/\">Jueves 30 de enero de 2020<\/a><\/h3>\n\n\n\n<p><strong>18.00<\/strong>&nbsp;Acto presentaci\u00f3n de las Jornadas<\/p>\n\n\n\n<p><strong>18.30<\/strong>&nbsp;Card.&nbsp;<strong><a href=\"https:\/\/jornadasgiussani.org\/index.php\/antonio-ma-rouco\/?customize_changeset_uuid=42a9ddae-dacb-450b-bfb9-d9d3d2666823&amp;customize_autosaved=on&amp;customize_messenger_channel=preview-69\">Antonio M. Rouco<\/a><\/strong><br><em>Luigi Giussani en el contexto de la Iglesia contempor\u00e1nea<\/em><\/p>\n\n\n\n<p><strong>20.00<\/strong>&nbsp;Card.&nbsp;<strong><a href=\"https:\/\/jornadasgiussani.org\/index.php\/angelo-scola\/?customize_changeset_uuid=42a9ddae-dacb-450b-bfb9-d9d3d2666823&amp;customize_autosaved=on&amp;customize_messenger_channel=preview-69\">Angelo Scola<\/a><\/strong><br><em>El pensamiento \u201cfontal\u201d de Luigi Giussani<\/em>&nbsp;(intervenci\u00f3n en v\u00eddeo)<a href=\"https:\/\/jornadasgiussani.org\/index.php\/viernes-31-de-enero-de-2020\/?customize_changeset_uuid=42a9ddae-dacb-450b-bfb9-d9d3d2666823&amp;customize_autosaved=on&amp;customize_messenger_channel=preview-69\"><\/a><\/p>\n\n\n\n<h3 class=\"wp-block-heading\"><a href=\"https:\/\/jornadasgiussani.org\/index.php\/viernes-31-de-enero-de-2020\/?customize_changeset_uuid=42a9ddae-dacb-450b-bfb9-d9d3d2666823&amp;customize_autosaved=on&amp;customize_messenger_channel=preview-69\">Viernes 31 de enero de 2020<\/a><\/h3>\n\n\n\n<p><strong>10.30<\/strong>&nbsp;Mons. D.&nbsp;<strong><a href=\"https:\/\/jornadasgiussani.org\/index.php\/luis-arguello?customize_changeset_uuid=42a9ddae-dacb-450b-bfb9-d9d3d2666823&amp;customize_autosaved=on&amp;customize_messenger_channel=preview-69\">Luis Arg\u00fcello<\/a><\/strong><br><em>La misi\u00f3n en la sociedad secularizada<\/em><\/p>\n\n\n\n<p><strong>11.30<\/strong>&nbsp;Pausa caf\u00e9<\/p>\n\n\n\n<p><strong>12.00<\/strong>&nbsp;D.&nbsp;<strong><a href=\"https:\/\/jornadasgiussani.org\/index.php\/angel-barahona\/?customize_changeset_uuid=42a9ddae-dacb-450b-bfb9-d9d3d2666823&amp;customize_autosaved=on&amp;customize_messenger_channel=preview-69\">\u00c1ngel Barahona<\/a><\/strong><br><em>Aproximarse a Cristo desde la condici\u00f3n humana<\/em><\/p>\n\n\n\n<p><strong>13.00<\/strong>&nbsp;Primera sesi\u00f3n de&nbsp;<strong><a href=\"https:\/\/jornadasgiussani.org\/index.php\/comunicaciones-2\/?customize_changeset_uuid=42a9ddae-dacb-450b-bfb9-d9d3d2666823&amp;customize_autosaved=on&amp;customize_messenger_channel=preview-69\">comunicaciones<\/a><\/strong><\/p>\n\n\n\n<p><strong>16.30<\/strong>&nbsp;Segunda sesi\u00f3n de&nbsp;<strong><a href=\"https:\/\/jornadasgiussani.org\/index.php\/comunicaciones-2\/?customize_changeset_uuid=42a9ddae-dacb-450b-bfb9-d9d3d2666823&amp;customize_autosaved=on&amp;customize_messenger_channel=preview-69\">comunicaciones<\/a><\/strong><\/p>\n\n\n\n<p><strong>18.30<\/strong>&nbsp;D\u00f1a.&nbsp;<strong><a href=\"https:\/\/jornadasgiussani.org\/index.php\/carmen-giussani\/?customize_changeset_uuid=42a9ddae-dacb-450b-bfb9-d9d3d2666823&amp;customize_autosaved=on&amp;customize_messenger_channel=preview-69\">Carmen Giussani<\/a><\/strong>, D.&nbsp;<strong><a href=\"https:\/\/jornadasgiussani.org\/index.php\/davide-rondoni\/?customize_changeset_uuid=42a9ddae-dacb-450b-bfb9-d9d3d2666823&amp;customize_autosaved=on&amp;customize_messenger_channel=preview-69\">Davide Rondoni<\/a><\/strong><br><em>La palabra \u201cpo\u00e9tica\u201d en don Giussani. Sus autores y lecturas<\/em><\/p>\n\n\n\n<p><strong>20.00<\/strong>&nbsp;Giussani y la m\u00fasica: concierto<a href=\"https:\/\/jornadasgiussani.org\/index.php\/sabado-1-de-febrero-de-2020\/?customize_changeset_uuid=42a9ddae-dacb-450b-bfb9-d9d3d2666823&amp;customize_autosaved=on&amp;customize_messenger_channel=preview-69\"><\/a><\/p>\n\n\n\n<h3 class=\"wp-block-heading\"><a href=\"https:\/\/jornadasgiussani.org\/index.php\/sabado-1-de-febrero-de-2020\/?customize_changeset_uuid=42a9ddae-dacb-450b-bfb9-d9d3d2666823&amp;customize_autosaved=on&amp;customize_messenger_channel=preview-69\">S\u00e1bado 1 de febrero de 2020<\/a><\/h3>\n\n\n\n<p><strong>10.30<\/strong>&nbsp;D.&nbsp;<strong><a href=\"https:\/\/jornadasgiussani.org\/index.php\/javier-prades\/?customize_changeset_uuid=42a9ddae-dacb-450b-bfb9-d9d3d2666823&amp;customize_autosaved=on&amp;customize_messenger_channel=preview-69\">Javier Prades<\/a><\/strong><br><em>La vida como vocaci\u00f3n: apuntes para una propuesta de educaci\u00f3n cristiana<\/em><\/p>\n\n\n\n<p><strong>11.30<\/strong>&nbsp;Pausa caf\u00e9<\/p>\n\n\n\n<p><strong>12.00<\/strong>&nbsp;D.&nbsp;<strong><a href=\"https:\/\/jornadasgiussani.org\/index.php\/giancarlo-cesana\/?customize_changeset_uuid=42a9ddae-dacb-450b-bfb9-d9d3d2666823&amp;customize_autosaved=on&amp;customize_messenger_channel=preview-69\">Giancarlo Cesana<\/a><\/strong><br><em>Educar es vivir un riesgo<\/em><\/p>\n\n\n\n<p><strong>13.30<\/strong>&nbsp;Clausura de las Jornadas<\/p>\n","protected":false},"excerpt":{"rendered":"<p>Luigi Giussani: el anuncio cristiano en la sociedad postsecular Jornadas Internacionales de Estudio (30 de enero &#8211; 1 de febrero 2020, Universidad CEU San Pablo) Luigi Giussani (1922-2005) es conocido ante todo como fundador del movimiento eclesial Comuni\u00f3n y Liberaci\u00f3n. Pero m\u00e1s all\u00e1 de ese \u00e1mbito, su figura y su obra han ejercido una notable [&hellip;]<\/p>\n","protected":false},"author":2,"featured_media":0,"parent":0,"menu_order":0,"comment_status":"closed","ping_status":"closed","template":"","meta":{"footnotes":""},"class_list":["post-761","page","type-page","status-publish","hentry"],"_links":{"self":[{"href":"https:\/\/jornadasgiussani.org\/index.php\/wp-json\/wp\/v2\/pages\/761","targetHints":{"allow":["GET"]}}],"collection":[{"href":"https:\/\/jornadasgiussani.org\/index.php\/wp-json\/wp\/v2\/pages"}],"about":[{"href":"https:\/\/jornadasgiussani.org\/index.php\/wp-json\/wp\/v2\/types\/page"}],"author":[{"embeddable":true,"href":"https:\/\/jornadasgiussani.org\/index.php\/wp-json\/wp\/v2\/users\/2"}],"replies":[{"embeddable":true,"href":"https:\/\/jornadasgiussani.org\/index.php\/wp-json\/wp\/v2\/comments?post=761"}],"version-history":[{"count":7,"href":"https:\/\/jornadasgiussani.org\/index.php\/wp-json\/wp\/v2\/pages\/761\/revisions"}],"predecessor-version":[{"id":868,"href":"https:\/\/jornadasgiussani.org\/index.php\/wp-json\/wp\/v2\/pages\/761\/revisions\/868"}],"wp:attachment":[{"href":"https:\/\/jornadasgiussani.org\/index.php\/wp-json\/wp\/v2\/media?parent=761"}],"curies":[{"name":"wp","href":"https:\/\/api.w.org\/{rel}","templated":true}]}}