{"id":555,"date":"2019-12-01T10:10:17","date_gmt":"2019-12-01T09:10:17","guid":{"rendered":"https:\/\/jornadasgiussani.org\/?page_id=555"},"modified":"2021-10-19T08:54:56","modified_gmt":"2021-10-19T06:54:56","slug":"angelo-scola","status":"publish","type":"page","link":"https:\/\/jornadasgiussani.org\/index.php\/angelo-scola\/","title":{"rendered":"Angelo Scola"},"content":{"rendered":"\n<div style=\"height:20px\" aria-hidden=\"true\" class=\"wp-block-spacer\"><\/div>\n\n\n\n<p>Angelo Scola (Malgrate, Lecco, 1941) es doctor en Filosof\u00eda por la Universidad Cat\u00f3lica del Sacro Cuore de Mil\u00e1n y en Teolog\u00eda por la Universidad de Friburgo (Suiza). Fue ordenado sacerdote en 1970 y obispo de Grosseto en 1991, siendo nombrado en 1995 rector de la Pontificia Universidad Lateranense. En 2002 fue nombrado Patriarca de Venecia por Juan Pablo II, quien le cre\u00f3 cardenal en 2003. Fue nombrado arzobispo de Mil\u00e1n por Benedicto XVI en 2011, pasando a ser arzobispo em\u00e9rito de Mil\u00e1n en julio de 2017.Entre sus obras m\u00e1s importantes publicadas en castellano destacan:&nbsp;<em>Hans Urs von Balthasar: un estilo teol\u00f3gico<\/em>&nbsp;(1997);&nbsp;<em>Hombre-mujer. El misterio nupcial<\/em>&nbsp;(2001);&nbsp;<em>Eucarist\u00eda, encuentro de libertades<\/em>&nbsp;(2005);&nbsp;<em>Luigi Giussani: un pensamiento original<\/em> (2006);&nbsp;<em>Una nueva laicidad<\/em>&nbsp;(2008),&nbsp;<em>Buenas razones para la vida en com\u00fan<\/em>&nbsp;(2012) y&nbsp;<em>\u00bfPostcristianismo?<\/em>&nbsp;(2018).<\/p>\n","protected":false},"excerpt":{"rendered":"<p>Angelo Scola (Malgrate, Lecco, 1941) es doctor en Filosof\u00eda por la Universidad Cat\u00f3lica del Sacro Cuore de Mil\u00e1n y en Teolog\u00eda por la Universidad de Friburgo (Suiza). Fue ordenado sacerdote en 1970 y obispo de Grosseto en 1991, siendo nombrado en 1995 rector de la Pontificia Universidad Lateranense. En 2002 fue nombrado Patriarca de Venecia [&hellip;]<\/p>\n","protected":false},"author":2,"featured_media":590,"parent":0,"menu_order":0,"comment_status":"closed","ping_status":"closed","template":"","meta":{"footnotes":""},"class_list":["post-555","page","type-page","status-publish","has-post-thumbnail","hentry"],"_links":{"self":[{"href":"https:\/\/jornadasgiussani.org\/index.php\/wp-json\/wp\/v2\/pages\/555","targetHints":{"allow":["GET"]}}],"collection":[{"href":"https:\/\/jornadasgiussani.org\/index.php\/wp-json\/wp\/v2\/pages"}],"about":[{"href":"https:\/\/jornadasgiussani.org\/index.php\/wp-json\/wp\/v2\/types\/page"}],"author":[{"embeddable":true,"href":"https:\/\/jornadasgiussani.org\/index.php\/wp-json\/wp\/v2\/users\/2"}],"replies":[{"embeddable":true,"href":"https:\/\/jornadasgiussani.org\/index.php\/wp-json\/wp\/v2\/comments?post=555"}],"version-history":[{"count":4,"href":"https:\/\/jornadasgiussani.org\/index.php\/wp-json\/wp\/v2\/pages\/555\/revisions"}],"predecessor-version":[{"id":749,"href":"https:\/\/jornadasgiussani.org\/index.php\/wp-json\/wp\/v2\/pages\/555\/revisions\/749"}],"wp:featuredmedia":[{"embeddable":true,"href":"https:\/\/jornadasgiussani.org\/index.php\/wp-json\/wp\/v2\/media\/590"}],"wp:attachment":[{"href":"https:\/\/jornadasgiussani.org\/index.php\/wp-json\/wp\/v2\/media?parent=555"}],"curies":[{"name":"wp","href":"https:\/\/api.w.org\/{rel}","templated":true}]}}