{"id":549,"date":"2019-12-01T10:01:52","date_gmt":"2019-12-01T09:01:52","guid":{"rendered":"https:\/\/jornadasgiussani.org\/?page_id=549"},"modified":"2019-12-01T13:45:34","modified_gmt":"2019-12-01T12:45:34","slug":"carmen-giussani","status":"publish","type":"page","link":"https:\/\/jornadasgiussani.org\/index.php\/carmen-giussani\/","title":{"rendered":"Carmen Giussani"},"content":{"rendered":"\n<div style=\"height:20px\" aria-hidden=\"true\" class=\"wp-block-spacer\"><\/div>\n\n\n\n<p>Carmen Giussani. (Abbiategrasso, Mil\u00e1n,1957) es graduada en Educaci\u00f3n F\u00edsica por la Universidad Cat\u00f3lica de Mil\u00e1n. Actualmente es directora de la revista Huellas (edici\u00f3n en castellano de la revista de Comuni\u00f3n y Liberaci\u00f3n) y ha sido comisaria de le exposici\u00f3n VOCARE sobre Mar\u00eda Zambrano. Su inter\u00e9s por la literatura, debido al amor por lo humano propio de toda experiencia cristiana, le ha llevado a publicar una antolog\u00eda sobre el Quijote:&nbsp;Il fantastico hidalgo don Chisciotte della Mancia. Adem\u00e1s organiza encuentros sobre autores o textos publicados en la colecci\u00f3n BUR-Rizzoli.<\/p>\n","protected":false},"excerpt":{"rendered":"<p>Carmen Giussani. (Abbiategrasso, Mil\u00e1n,1957) es graduada en Educaci\u00f3n F\u00edsica por la Universidad Cat\u00f3lica de Mil\u00e1n. Actualmente es directora de la revista Huellas (edici\u00f3n en castellano de la revista de Comuni\u00f3n y Liberaci\u00f3n) y ha sido comisaria de le exposici\u00f3n VOCARE sobre Mar\u00eda Zambrano. Su inter\u00e9s por la literatura, debido al amor por lo humano propio [&hellip;]<\/p>\n","protected":false},"author":2,"featured_media":587,"parent":0,"menu_order":0,"comment_status":"closed","ping_status":"closed","template":"","meta":{"footnotes":""},"class_list":["post-549","page","type-page","status-publish","has-post-thumbnail","hentry"],"_links":{"self":[{"href":"https:\/\/jornadasgiussani.org\/index.php\/wp-json\/wp\/v2\/pages\/549","targetHints":{"allow":["GET"]}}],"collection":[{"href":"https:\/\/jornadasgiussani.org\/index.php\/wp-json\/wp\/v2\/pages"}],"about":[{"href":"https:\/\/jornadasgiussani.org\/index.php\/wp-json\/wp\/v2\/types\/page"}],"author":[{"embeddable":true,"href":"https:\/\/jornadasgiussani.org\/index.php\/wp-json\/wp\/v2\/users\/2"}],"replies":[{"embeddable":true,"href":"https:\/\/jornadasgiussani.org\/index.php\/wp-json\/wp\/v2\/comments?post=549"}],"version-history":[{"count":1,"href":"https:\/\/jornadasgiussani.org\/index.php\/wp-json\/wp\/v2\/pages\/549\/revisions"}],"predecessor-version":[{"id":551,"href":"https:\/\/jornadasgiussani.org\/index.php\/wp-json\/wp\/v2\/pages\/549\/revisions\/551"}],"wp:featuredmedia":[{"embeddable":true,"href":"https:\/\/jornadasgiussani.org\/index.php\/wp-json\/wp\/v2\/media\/587"}],"wp:attachment":[{"href":"https:\/\/jornadasgiussani.org\/index.php\/wp-json\/wp\/v2\/media?parent=549"}],"curies":[{"name":"wp","href":"https:\/\/api.w.org\/{rel}","templated":true}]}}