{"id":538,"date":"2019-11-30T17:21:47","date_gmt":"2019-11-30T16:21:47","guid":{"rendered":"https:\/\/jornadasgiussani.org\/?page_id=538"},"modified":"2019-12-01T13:43:50","modified_gmt":"2019-12-01T12:43:50","slug":"giancarlo-cesana","status":"publish","type":"page","link":"https:\/\/jornadasgiussani.org\/index.php\/giancarlo-cesana\/","title":{"rendered":"Giancarlo Cesana"},"content":{"rendered":"\n<div style=\"height:20px\" aria-hidden=\"true\" class=\"wp-block-spacer\"><\/div>\n\n\n\n<p><strong>Giancarlo Cesana<\/strong>, m\u00e9dico y psic\u00f3logo, padre de tres hijos, naci\u00f3 en Carate Brianza (Mil\u00e1n) en 1948. Es profesor de Higiene en la Universidad de Milano-Bicocca y director del Centro di Studi di Sanit\u00e0 Pubblica. Est\u00e1 especializado en psicofisiolog\u00eda del estr\u00e9s y en epidemiolog\u00eda.<\/p>\n\n\n\n<p>Ha colaborado en numerosas investigaciones epidemiol\u00f3gicas a nivel nacional e internacional sobre la relaci\u00f3n entre factores sociales y enfermedad. Entre los a\u00f1os 2009 y 2015 ha sido el Presidente della Fondazione IRCCS Ca\u2019 Granda Ospedale Maggiore Policlinico di Milano.<\/p>\n","protected":false},"excerpt":{"rendered":"<p>Giancarlo Cesana, m\u00e9dico y psic\u00f3logo, padre de tres hijos, naci\u00f3 en Carate Brianza (Mil\u00e1n) en 1948. Es profesor de Higiene en la Universidad de Milano-Bicocca y director del Centro di Studi di Sanit\u00e0 Pubblica. Est\u00e1 especializado en psicofisiolog\u00eda del estr\u00e9s y en epidemiolog\u00eda. Ha colaborado en numerosas investigaciones epidemiol\u00f3gicas a nivel nacional e internacional sobre [&hellip;]<\/p>\n","protected":false},"author":2,"featured_media":592,"parent":0,"menu_order":0,"comment_status":"closed","ping_status":"closed","template":"","meta":{"footnotes":""},"class_list":["post-538","page","type-page","status-publish","has-post-thumbnail","hentry"],"_links":{"self":[{"href":"https:\/\/jornadasgiussani.org\/index.php\/wp-json\/wp\/v2\/pages\/538","targetHints":{"allow":["GET"]}}],"collection":[{"href":"https:\/\/jornadasgiussani.org\/index.php\/wp-json\/wp\/v2\/pages"}],"about":[{"href":"https:\/\/jornadasgiussani.org\/index.php\/wp-json\/wp\/v2\/types\/page"}],"author":[{"embeddable":true,"href":"https:\/\/jornadasgiussani.org\/index.php\/wp-json\/wp\/v2\/users\/2"}],"replies":[{"embeddable":true,"href":"https:\/\/jornadasgiussani.org\/index.php\/wp-json\/wp\/v2\/comments?post=538"}],"version-history":[{"count":3,"href":"https:\/\/jornadasgiussani.org\/index.php\/wp-json\/wp\/v2\/pages\/538\/revisions"}],"predecessor-version":[{"id":571,"href":"https:\/\/jornadasgiussani.org\/index.php\/wp-json\/wp\/v2\/pages\/538\/revisions\/571"}],"wp:featuredmedia":[{"embeddable":true,"href":"https:\/\/jornadasgiussani.org\/index.php\/wp-json\/wp\/v2\/media\/592"}],"wp:attachment":[{"href":"https:\/\/jornadasgiussani.org\/index.php\/wp-json\/wp\/v2\/media?parent=538"}],"curies":[{"name":"wp","href":"https:\/\/api.w.org\/{rel}","templated":true}]}}