{"id":320,"date":"2019-10-21T10:27:32","date_gmt":"2019-10-21T08:27:32","guid":{"rendered":"https:\/\/jornadasgiussani.org\/?page_id=320"},"modified":"2021-12-17T08:14:56","modified_gmt":"2021-12-17T07:14:56","slug":"comunicaciones","status":"publish","type":"page","link":"https:\/\/jornadasgiussani.org\/index.php\/comunicaciones\/","title":{"rendered":"Comunicantes"},"content":{"rendered":"\n<p>Podr\u00e1n presentarse comunicaciones que profundicen en la relaci\u00f3n entre las diferentes disciplinas universitarias con la obra y la propuesta de Giussani, preferible pero no exclusivamente relacionadas con el t\u00edtulo de las Jornadas.<\/p>\n\n\n\n<p>Para propuestas de\u00a0comunicaciones, enviar resumen (10-20 l\u00edneas) junto con nombre, apellidos y (en su caso) adscripci\u00f3n acad\u00e9mica del autor, a\u00a0<a rel=\"noreferrer noopener\" href=\"mailto:jornadasgiussani@gmail.com\" target=\"_blank\">jornadasgiussani@gmail.com<\/a>, o bien rellenar el formulario que se encuentra al final de esta p\u00e1gina y en este <a href=\"https:\/\/docs.google.com\/forms\/d\/e\/1FAIpQLSc8EMD2Ck2EMpfj-dLEf1RXFYao6wQKOV_UX-TAO3XS7EeJYA\/viewform?usp=sf_link\" target=\"_blank\" rel=\"noreferrer noopener\">enlace<\/a>.<\/p>\n\n\n\n<ul class=\"wp-block-list\"><li>Fecha l\u00edmite de env\u00edo de&nbsp;res\u00famenes de comunicaciones: 24 de diciembre de 2021 (ampliado el plazo)<\/li><li>Comunicaci\u00f3n&nbsp;de las&nbsp;comunicaciones&nbsp;seleccionadas: 10 de enero de 2022 (ampliado el plazo)<\/li><\/ul>\n\n\n\n<p>Durante las jornadas, los autores de las&nbsp;comunicaciones&nbsp;seleccionadas dispondr\u00e1n de 10-15 minutos para la exposici\u00f3n de su&nbsp;comunicaci\u00f3n&nbsp;ante los asistentes. La inscripci\u00f3n en las Jornadas ser\u00e1 gratuita para los comunicantes.<\/p>\n\n\n\n<p>El comit\u00e9 cient\u00edfico para la selecci\u00f3n de las&nbsp;comunicaciones&nbsp;est\u00e1 integrado por Pablo L\u00f3pez Mart\u00edn (USP-CEU), Juan Serrano Vicente (UFV), Pablo Velasco Quintana (USP-CEU) y Manuel Oriol Salgado (USP-CEU, UESD).<\/p>\n\n\n\n<p>Una selecci\u00f3n de comunicaciones ser\u00e1n publicadas junto con las ponencias en un volumen editado por Ediciones Encuentro. <\/p>\n\n\n\n\n\n<p><iframe loading=\"lazy\" src=\"https:\/\/docs.google.com\/forms\/d\/e\/1FAIpQLSc8EMD2Ck2EMpfj-dLEf1RXFYao6wQKOV_UX-TAO3XS7EeJYA\/viewform?embedded=true\" width=\"640\" height=\"1861\" frameborder=\"0\" marginheight=\"0\" marginwidth=\"0\">Cargando\u2026<\/iframe><\/p>\n","protected":false},"excerpt":{"rendered":"<p>Si quieres proponer una comunicaci\u00f3n para exponer a los asistentes durante las jornadas, esta es tu modalidad<\/p>\n","protected":false},"author":2,"featured_media":0,"parent":0,"menu_order":0,"comment_status":"closed","ping_status":"closed","template":"","meta":{"footnotes":""},"class_list":["post-320","page","type-page","status-publish","hentry"],"_links":{"self":[{"href":"https:\/\/jornadasgiussani.org\/index.php\/wp-json\/wp\/v2\/pages\/320","targetHints":{"allow":["GET"]}}],"collection":[{"href":"https:\/\/jornadasgiussani.org\/index.php\/wp-json\/wp\/v2\/pages"}],"about":[{"href":"https:\/\/jornadasgiussani.org\/index.php\/wp-json\/wp\/v2\/types\/page"}],"author":[{"embeddable":true,"href":"https:\/\/jornadasgiussani.org\/index.php\/wp-json\/wp\/v2\/users\/2"}],"replies":[{"embeddable":true,"href":"https:\/\/jornadasgiussani.org\/index.php\/wp-json\/wp\/v2\/comments?post=320"}],"version-history":[{"count":20,"href":"https:\/\/jornadasgiussani.org\/index.php\/wp-json\/wp\/v2\/pages\/320\/revisions"}],"predecessor-version":[{"id":879,"href":"https:\/\/jornadasgiussani.org\/index.php\/wp-json\/wp\/v2\/pages\/320\/revisions\/879"}],"wp:attachment":[{"href":"https:\/\/jornadasgiussani.org\/index.php\/wp-json\/wp\/v2\/media?parent=320"}],"curies":[{"name":"wp","href":"https:\/\/api.w.org\/{rel}","templated":true}]}}